{"id":5286,"date":"2023-12-19T11:15:51","date_gmt":"2023-12-19T11:15:51","guid":{"rendered":"http:\/\/actionlink-prod.integrityxd.dev\/services\/"},"modified":"2026-03-11T23:28:48","modified_gmt":"2026-03-11T23:28:48","slug":"services","status":"publish","type":"page","link":"https:\/\/actionlink.com\/fr\/services\/","title":{"rendered":"Les services"},"content":{"rendered":"\t\t<div data-elementor-type=\"wp-page\" data-elementor-id=\"5286\" class=\"elementor elementor-5286 elementor-775\" data-elementor-post-type=\"page\">\n\t\t\t\t<div class=\"elementor-element elementor-element-ad3e93c e-con-full e-flex e-con e-parent\" data-id=\"ad3e93c\" data-element_type=\"container\" data-e-type=\"container\" data-settings=\"{&quot;background_background&quot;:&quot;classic&quot;}\">\n\t\t<div class=\"elementor-element elementor-element-5274056 e-flex e-con-boxed e-con e-child\" data-id=\"5274056\" data-element_type=\"container\" data-e-type=\"container\">\n\t\t\t\t\t<div class=\"e-con-inner\">\n\t\t\t\t<div class=\"elementor-element elementor-element-a7472bf elementor-widget__width-initial elementor-widget elementor-widget-text-editor\" data-id=\"a7472bf\" data-element_type=\"widget\" data-e-type=\"widget\" data-widget_type=\"text-editor.default\">\n\t\t\t\t\t\t\t\t\t<p><strong>SOUTENIR DE BOUT EN BOUT LA PERFORMANCE DU COMMERCE DE D\u00c9TAIL<\/strong><strong><span style=\"color: #0f7f57\">.<\/span><\/strong><\/p>\t\t\t\t\t\t\t\t<\/div>\n\t\t\t\t\t<\/div>\n\t\t\t\t<\/div>\n\t\t\t\t<\/div>\n\t\t<div class=\"elementor-element elementor-element-dc3dece e-flex e-con-boxed e-con e-parent\" data-id=\"dc3dece\" data-element_type=\"container\" data-e-type=\"container\">\n\t\t\t\t\t<div class=\"e-con-inner\">\n\t\t\t\t<div class=\"elementor-element elementor-element-cbba9f1 elementor-widget__width-inherit elementor-widget elementor-widget-text-editor\" data-id=\"cbba9f1\" data-element_type=\"widget\" data-e-type=\"widget\" data-widget_type=\"text-editor.default\">\n\t\t\t\t\t\t\t\t\t<p><strong><span style=\"color: #0f7f57\">Les exp\u00e9riences sont importantes.<\/span> <\/strong>Les acheteurs d&rsquo;aujourd&rsquo;hui sont plus avis\u00e9s que jamais et font souvent des recherches approfondies sur un produit avant d&rsquo;entrer dans le magasin. Mais c&rsquo;est dans le magasin qu&rsquo;ils prennent leurs d\u00e9cisions, et si l&rsquo;exp\u00e9rience de vos clients n&rsquo;est pas satisfaisante, ils choisiront d&rsquo;autres solutions. C&rsquo;est pourquoi ActionLink a construit son activit\u00e9 autour de l&rsquo;engagement des acheteurs par le biais d&rsquo;interactions personnelles, d&rsquo;associ\u00e9s bien form\u00e9s et de pr\u00e9sentoirs qui influencent les d\u00e9cisions.  <strong><span style=\"color: #0f7f57\">Nous stimulons les ventes.<\/span><\/strong><\/p>\t\t\t\t\t\t\t\t<\/div>\n\t\t\t\t\t<\/div>\n\t\t\t\t<\/div>\n\t\t<div class=\"elementor-element elementor-element-aab3d23 e-flex e-con-boxed e-con e-parent\" data-id=\"aab3d23\" data-element_type=\"container\" data-e-type=\"container\" data-settings=\"{&quot;background_background&quot;:&quot;classic&quot;}\">\n\t\t\t\t\t<div class=\"e-con-inner\">\n\t\t<div class=\"elementor-element elementor-element-f15f59f e-con-full e-flex e-con e-child\" data-id=\"f15f59f\" data-element_type=\"container\" data-e-type=\"container\">\n\t\t\t\t<div class=\"elementor-element elementor-element-74e9725 elementor-position-top elementor-widget elementor-widget-image-box\" data-id=\"74e9725\" data-element_type=\"widget\" data-e-type=\"widget\" data-widget_type=\"image-box.default\">\n\t\t\t\t\t<div class=\"elementor-image-box-wrapper\"><figure class=\"elementor-image-box-img\"><img fetchpriority=\"high\" decoding=\"async\" width=\"750\" height=\"500\" src=\"https:\/\/actionlink.com\/wp-content\/uploads\/sites\/4\/2020\/12\/tile-homepage-connect-in-store-experiences-1.png\" class=\"elementor-animation-shrink attachment-medium_large size-medium_large wp-image-10213\" alt=\"Trois personnes se tiennent devant un pr\u00e9sentoir \u00e9lectronique pendant qu\u2019un employ\u00e9 du magasin montre un t\u00e9l\u00e9phone intelligent, avec plusieurs appareils connect\u00e9s dispos\u00e9s sur un comptoir dans un environnement de magasin moderne et bien \u00e9clair\u00e9.\" srcset=\"https:\/\/actionlink.com\/wp-content\/uploads\/sites\/4\/2020\/12\/tile-homepage-connect-in-store-experiences-1.png 750w, https:\/\/actionlink.com\/wp-content\/uploads\/sites\/4\/2020\/12\/tile-homepage-connect-in-store-experiences-1-300x200.png 300w\" sizes=\"(max-width: 750px) 100vw, 750px\" \/><\/figure><div class=\"elementor-image-box-content\"><h2 class=\"elementor-image-box-title\">DES SOLUTIONS DE VENTE POUR AUGMENTER LES REVENUS<\/h2><p class=\"elementor-image-box-description\">Pour r\u00e9ussir dans le commerce de d\u00e9tail, il faut plus que des solutions g\u00e9n\u00e9riques. Cela n\u00e9cessite des strat\u00e9gies sur mesure, bas\u00e9es sur des donn\u00e9es. Nos \u00e9quipes de vente et de d\u00e9fense de la marque \u00e9laborent des approches personnalis\u00e9es fond\u00e9es sur la connaissance du march\u00e9 afin d'obtenir des r\u00e9sultats mesurables.<\/p><\/div><\/div>\t\t\t\t<\/div>\n\t\t<div class=\"elementor-element elementor-element-e89982d e-con-full e-flex e-con e-child\" data-id=\"e89982d\" data-element_type=\"container\" data-e-type=\"container\">\n\t\t\t\t<div class=\"elementor-element elementor-element-8f4e92e elementor-align-justify elementor-widget__width-initial elementor-widget elementor-widget-button\" data-id=\"8f4e92e\" data-element_type=\"widget\" data-e-type=\"widget\" data-widget_type=\"button.default\">\n\t\t\t\t\t\t\t\t\t\t<a class=\"elementor-button elementor-button-link elementor-size-sm\" href=\"https:\/\/actionlink.com\/fr\/services-vente-au-detail-et-formation\/\">\n\t\t\t\t\t\t<span class=\"elementor-button-content-wrapper\">\n\t\t\t\t\t\t\t\t\t<span class=\"elementor-button-text\">Solutions de vente<\/span>\n\t\t\t\t\t<\/span>\n\t\t\t\t\t<\/a>\n\t\t\t\t\t\t\t\t<\/div>\n\t\t\t\t<\/div>\n\t\t\t\t<\/div>\n\t\t<div class=\"elementor-element elementor-element-4dacf7e e-con-full e-flex e-con e-child\" data-id=\"4dacf7e\" data-element_type=\"container\" data-e-type=\"container\">\n\t\t\t\t<div class=\"elementor-element elementor-element-731584a elementor-position-top elementor-widget elementor-widget-image-box\" data-id=\"731584a\" data-element_type=\"widget\" data-e-type=\"widget\" data-widget_type=\"image-box.default\">\n\t\t\t\t\t<div class=\"elementor-image-box-wrapper\"><figure class=\"elementor-image-box-img\"><img decoding=\"async\" width=\"750\" height=\"500\" src=\"https:\/\/actionlink.com\/wp-content\/uploads\/sites\/4\/2020\/12\/tile-homepage-seamless-merch.jpg\" class=\"elementor-animation-shrink attachment-medium_large size-medium_large wp-image-10382\" alt=\"un technicien en marchandisage installe un dispositif de s\u00e9curit\u00e9\" srcset=\"https:\/\/actionlink.com\/wp-content\/uploads\/sites\/4\/2020\/12\/tile-homepage-seamless-merch.jpg 750w, https:\/\/actionlink.com\/wp-content\/uploads\/sites\/4\/2020\/12\/tile-homepage-seamless-merch-300x200.jpg 300w\" sizes=\"(max-width: 750px) 100vw, 750px\" \/><\/figure><div class=\"elementor-image-box-content\"><h2 class=\"elementor-image-box-title\">LE MERCHANDISING POUR UNE MEILLEURE EXP\u00c9RIENCE<\/h2><p class=\"elementor-image-box-description\">ActionLink est votre partenaire tout-en-un en mati\u00e8re de merchandising. Il s'occupe de tout, de la construction \u00e0 la r\u00e9paration, avec une couverture compl\u00e8te, une ex\u00e9cution pr\u00e9cise et la responsabilit\u00e9 de veiller \u00e0 ce que chaque magasin r\u00e9ponde aux normes de votre marque.<\/p><\/div><\/div>\t\t\t\t<\/div>\n\t\t<div class=\"elementor-element elementor-element-b2ead46 e-con-full e-flex e-con e-child\" data-id=\"b2ead46\" data-element_type=\"container\" data-e-type=\"container\">\n\t\t\t\t<div class=\"elementor-element elementor-element-98ff335 elementor-align-justify elementor-widget__width-initial elementor-widget elementor-widget-button\" data-id=\"98ff335\" data-element_type=\"widget\" data-e-type=\"widget\" data-widget_type=\"button.default\">\n\t\t\t\t\t\t\t\t\t\t<a class=\"elementor-button elementor-button-link elementor-size-sm\" href=\"https:\/\/actionlink.com\/fr\/services-marchandisage-de-detail\/\">\n\t\t\t\t\t\t<span class=\"elementor-button-content-wrapper\">\n\t\t\t\t\t\t\t\t\t<span class=\"elementor-button-text\">Solutions de marchandisage<\/span>\n\t\t\t\t\t<\/span>\n\t\t\t\t\t<\/a>\n\t\t\t\t\t\t\t\t<\/div>\n\t\t\t\t<\/div>\n\t\t\t\t<\/div>\n\t\t\t\t\t<\/div>\n\t\t\t\t<\/div>\n\t\t<div class=\"elementor-element elementor-element-3cb3720 e-flex e-con-boxed e-con e-parent\" data-id=\"3cb3720\" data-element_type=\"container\" data-e-type=\"container\" data-settings=\"{&quot;background_background&quot;:&quot;classic&quot;}\">\n\t\t\t\t\t<div class=\"e-con-inner\">\n\t\t<div class=\"elementor-element elementor-element-bebb361 e-con-full e-flex e-con e-child\" data-id=\"bebb361\" data-element_type=\"container\" data-e-type=\"container\">\n\t\t\t\t<div class=\"elementor-element elementor-element-090143c elementor-widget elementor-widget-text-editor\" data-id=\"090143c\" data-element_type=\"widget\" data-e-type=\"widget\" data-widget_type=\"text-editor.default\">\n\t\t\t\t\t\t\t\t\t<p style=\"text-align: center\">ActionLink est plus qu&rsquo;un fournisseur de services<strong><span style=\"color: #0f7f57\">.<\/span><\/strong> <br>Nous sommes votre <strong><span style=\"color: #0f7f57\">partenaire d\u00e9vou\u00e9<\/span><\/strong> dans le succ\u00e8s de la vente au d\u00e9tail<strong><span style=\"color: #0f7f57\">.<\/span><\/strong><\/p>\t\t\t\t\t\t\t\t<\/div>\n\t\t<div class=\"elementor-element elementor-element-93f6808 e-grid e-con-full e-con e-child\" data-id=\"93f6808\" data-element_type=\"container\" data-e-type=\"container\" data-settings=\"{&quot;background_background&quot;:&quot;classic&quot;}\">\n\t\t\t\t<div class=\"elementor-element elementor-element-468fd97 elementor-position-top elementor-widget elementor-widget-image-box\" data-id=\"468fd97\" data-element_type=\"widget\" data-e-type=\"widget\" data-widget_type=\"image-box.default\">\n\t\t\t\t\t<div class=\"elementor-image-box-wrapper\"><figure class=\"elementor-image-box-img\"><img decoding=\"async\" width=\"150\" height=\"150\" src=\"https:\/\/actionlink.com\/wp-content\/uploads\/sites\/4\/2026\/01\/icon-homepage-people-green.png\" class=\"attachment-thumbnail size-thumbnail wp-image-10316\" alt=\"\" \/><\/figure><div class=\"elementor-image-box-content\"><h3 class=\"elementor-image-box-title\">DES STRAT\u00c9GIES ADAPT\u00c9ES<\/h3><p class=\"elementor-image-box-description\">Des plans personnalis\u00e9s align\u00e9s sur les objectifs de votre marque - pas de solutions \u00e0 l'emporte-pi\u00e8ce.<br><\/p><\/div><\/div>\t\t\t\t<\/div>\n\t\t\t\t<div class=\"elementor-element elementor-element-cf3164c elementor-position-top elementor-widget elementor-widget-image-box\" data-id=\"cf3164c\" data-element_type=\"widget\" data-e-type=\"widget\" data-widget_type=\"image-box.default\">\n\t\t\t\t\t<div class=\"elementor-image-box-wrapper\"><figure class=\"elementor-image-box-img\"><img loading=\"lazy\" decoding=\"async\" width=\"150\" height=\"150\" src=\"https:\/\/actionlink.com\/wp-content\/uploads\/sites\/4\/2026\/01\/icon-homepage-infrastructure-red.png\" class=\"attachment-thumbnail size-thumbnail wp-image-10304\" alt=\"\" \/><\/figure><div class=\"elementor-image-box-content\"><h3 class=\"elementor-image-box-title\">L'INVESTISSEMENT PILOT\u00c9 PAR LES DONN\u00c9ES<\/h3><p class=\"elementor-image-box-description\">Nous \u00e9tayons nos tactiques et nos strat\u00e9gies par des donn\u00e9es. La qualit\u00e9 de votre programme d\u00e9pend de votre capacit\u00e9 \u00e0 en mesurer l'impact.<\/p><\/div><\/div>\t\t\t\t<\/div>\n\t\t\t\t<div class=\"elementor-element elementor-element-2c5777f elementor-position-top elementor-widget elementor-widget-image-box\" data-id=\"2c5777f\" data-element_type=\"widget\" data-e-type=\"widget\" data-widget_type=\"image-box.default\">\n\t\t\t\t\t<div class=\"elementor-image-box-wrapper\"><figure class=\"elementor-image-box-img\"><img loading=\"lazy\" decoding=\"async\" width=\"150\" height=\"150\" src=\"https:\/\/actionlink.com\/wp-content\/uploads\/sites\/4\/2026\/01\/icon-homepage-intelligence-orange.png\" class=\"attachment-thumbnail size-thumbnail wp-image-10310\" alt=\"\" \/><\/figure><div class=\"elementor-image-box-content\"><h3 class=\"elementor-image-box-title\">MOD\u00c8LES DE COUVERTURE INTELLIGENTE<\/h3><p class=\"elementor-image-box-description\">Optimiser les d\u00e9penses du march\u00e9 en se concentrant sur les meilleurs r\u00e9sultats et les opportunit\u00e9s de croissance en utilisant les ventes, le trafic et les donn\u00e9es qualitatives.<\/p><\/div><\/div>\t\t\t\t<\/div>\n\t\t\t\t<div class=\"elementor-element elementor-element-70d4b62 elementor-position-top elementor-widget elementor-widget-image-box\" data-id=\"70d4b62\" data-element_type=\"widget\" data-e-type=\"widget\" data-widget_type=\"image-box.default\">\n\t\t\t\t\t<div class=\"elementor-image-box-wrapper\"><figure class=\"elementor-image-box-img\"><img loading=\"lazy\" decoding=\"async\" width=\"150\" height=\"150\" src=\"https:\/\/actionlink.com\/wp-content\/uploads\/sites\/4\/2026\/01\/icon-homepage-retailaccess-blue.png\" class=\"attachment-thumbnail size-thumbnail wp-image-10322\" alt=\"\" \/><\/figure><div class=\"elementor-image-box-content\"><h3 class=\"elementor-image-box-title\">DES RAPPORTS TRANSPARENTS<\/h3><p class=\"elementor-image-box-description\">Des tableaux de bord en temps r\u00e9el vous permettent d'\u00eatre inform\u00e9 et pr\u00eat \u00e0 agir.<\/p><\/div><\/div>\t\t\t\t<\/div>\n\t\t\t\t<\/div>\n\t\t\t\t<\/div>\n\t\t\t\t\t<\/div>\n\t\t\t\t<\/div>\n\t\t\t\t<\/div>\n\t\t","protected":false},"excerpt":{"rendered":"<p>SOUTENIR DE BOUT EN BOUT LA PERFORMANCE DU COMMERCE DE D\u00c9TAIL. Les exp\u00e9riences sont importantes. Les acheteurs d&rsquo;aujourd&rsquo;hui sont plus avis\u00e9s que jamais et font souvent des recherches approfondies sur un produit avant d&rsquo;entrer dans le magasin. Mais c&rsquo;est dans le magasin qu&rsquo;ils prennent leurs d\u00e9cisions, et si l&rsquo;exp\u00e9rience de vos clients n&rsquo;est pas satisfaisante, [&hellip;]<\/p>\n","protected":false},"author":80,"featured_media":0,"parent":0,"menu_order":0,"comment_status":"closed","ping_status":"closed","template":"elementor_header_footer","meta":{"_coblocks_attr":"","_coblocks_dimensions":"","_coblocks_responsive_height":"","_coblocks_accordion_ie_support":"","footnotes":""},"class_list":["post-5286","page","type-page","status-publish","hentry"],"_links":{"self":[{"href":"https:\/\/actionlink.com\/fr\/wp-json\/wp\/v2\/pages\/5286","targetHints":{"allow":["GET"]}}],"collection":[{"href":"https:\/\/actionlink.com\/fr\/wp-json\/wp\/v2\/pages"}],"about":[{"href":"https:\/\/actionlink.com\/fr\/wp-json\/wp\/v2\/types\/page"}],"author":[{"embeddable":true,"href":"https:\/\/actionlink.com\/fr\/wp-json\/wp\/v2\/users\/80"}],"replies":[{"embeddable":true,"href":"https:\/\/actionlink.com\/fr\/wp-json\/wp\/v2\/comments?post=5286"}],"version-history":[{"count":0,"href":"https:\/\/actionlink.com\/fr\/wp-json\/wp\/v2\/pages\/5286\/revisions"}],"wp:attachment":[{"href":"https:\/\/actionlink.com\/fr\/wp-json\/wp\/v2\/media?parent=5286"}],"curies":[{"name":"wp","href":"https:\/\/api.w.org\/{rel}","templated":true}]}}