{"id":5285,"date":"2024-01-27T12:00:47","date_gmt":"2024-01-27T12:00:47","guid":{"rendered":"http:\/\/actionlink-prod.integrityxd.dev\/annonce\/"},"modified":"2026-02-25T17:46:22","modified_gmt":"2026-02-25T17:46:22","slug":"annonce","status":"publish","type":"page","link":"https:\/\/actionlink.com\/fr\/annonce\/","title":{"rendered":"Annonce"},"content":{"rendered":"\t\t<div data-elementor-type=\"wp-page\" data-elementor-id=\"5285\" class=\"elementor elementor-5285 elementor-2044\" data-elementor-post-type=\"page\">\n\t\t\t\t\t\t<section class=\"elementor-section elementor-top-section elementor-element elementor-element-986d590 elementor-section-boxed elementor-section-height-default elementor-section-height-default\" data-id=\"986d590\" data-element_type=\"section\" data-e-type=\"section\">\n\t\t\t\t\t\t<div class=\"elementor-container elementor-column-gap-default\">\n\t\t\t\t\t<div class=\"elementor-column elementor-col-100 elementor-top-column elementor-element elementor-element-f519b15\" data-id=\"f519b15\" data-element_type=\"column\" data-e-type=\"column\">\n\t\t\t<div class=\"elementor-widget-wrap elementor-element-populated\">\n\t\t\t\t\t\t<div class=\"elementor-element elementor-element-d9c6ff6 elementor-widget__width-initial elementor-widget elementor-widget-heading\" data-id=\"d9c6ff6\" data-element_type=\"widget\" data-e-type=\"widget\" data-widget_type=\"heading.default\">\n\t\t\t\t\t<div class=\"elementor-heading-title elementor-size-default\">29 JANVIER 2024<\/div>\t\t\t\t<\/div>\n\t\t\t\t\t<\/div>\n\t\t<\/div>\n\t\t\t\t\t<\/div>\n\t\t<\/section>\n\t\t<div class=\"elementor-element elementor-element-20cf266 e-flex e-con-boxed e-con e-parent\" data-id=\"20cf266\" data-element_type=\"container\" data-e-type=\"container\">\n\t\t\t\t\t<div class=\"e-con-inner\">\n\t\t\t\t<div class=\"elementor-element elementor-element-b408ce1 elementor-widget elementor-widget-heading\" data-id=\"b408ce1\" data-element_type=\"widget\" data-e-type=\"widget\" data-widget_type=\"heading.default\">\n\t\t\t\t\t<h2 class=\"elementor-heading-title elementor-size-default\"><h1 class=\"elementor-heading-title elementor-size-default elementor-inline-editing pen\" data-elementor-setting-key=\"title\" data-pen-placeholder=\"Type Here...\" style=\"font-size: 64px;line-height: 64px;letter-spacing: -2px\">ActionLink d\u00e9voile une nouvelle image de marque passionnante pour un avenir audacieux<\/h1><\/h2>\t\t\t\t<\/div>\n\t\t\t\t\t<\/div>\n\t\t\t\t<\/div>\n\t\t<div class=\"elementor-element elementor-element-2162e7f e-flex e-con-boxed e-con e-parent\" data-id=\"2162e7f\" data-element_type=\"container\" data-e-type=\"container\">\n\t\t\t\t\t<div class=\"e-con-inner\">\n\t\t<div class=\"elementor-element elementor-element-11ba815 e-con-full e-flex e-con e-child\" data-id=\"11ba815\" data-element_type=\"container\" data-e-type=\"container\">\n\t\t\t\t<div class=\"elementor-element elementor-element-c23f455 elementor-widget elementor-widget-text-editor\" data-id=\"c23f455\" data-element_type=\"widget\" data-e-type=\"widget\" data-widget_type=\"text-editor.default\">\n\t\t\t\t\t\t\t\t\t<p>Depuis plus de 25 ans, ActionLink est un pionnier, leader de l\u2019industrie en mati\u00e8re d\u2019innovation. Notre nom m\u00eame refl\u00e8te notre comp\u00e9titivit\u00e9 sur le march\u00e9 de d\u00e9tail en \u00e9volution constante et en \u00e9volution rapide. Reconnaissant la n\u00e9cessit\u00e9 de nous adapter, nous avons strat\u00e9giquement mis \u00e0 jour le positionnement de notre marque et la conception de notre logo.<\/p><p> <\/p><p>Nous sommes ravis de d\u00e9voiler le lancement d\u2019une nouvelle identit\u00e9 visuelle ActionLink, y compris un logo dynamique, une palette de couleurs et un tout nouveau design de site Web. Les \u00e9l\u00e9ments de marque mis \u00e0 jour refl\u00e8tent notre vision de l\u2019innovation, de l\u2019orientation vers les personnes et d\u2019un environnement de travail dynamique.  <\/p>\t\t\t\t\t\t\t\t<\/div>\n\t\t\t\t<\/div>\n\t\t<div class=\"elementor-element elementor-element-7380e88 e-con-full e-flex e-con e-child\" data-id=\"7380e88\" data-element_type=\"container\" data-e-type=\"container\">\n\t\t\t\t<div class=\"elementor-element elementor-element-2936884 elementor-widget elementor-widget-image\" data-id=\"2936884\" data-element_type=\"widget\" data-e-type=\"widget\" data-widget_type=\"image.default\">\n\t\t\t\t\t\t\t\t\t\t\t\t\t\t\t<img fetchpriority=\"high\" decoding=\"async\" width=\"1228\" height=\"768\" src=\"https:\/\/actionlink.com\/wp-content\/uploads\/sites\/4\/2024\/01\/ActionLink_Values.png\" class=\"attachment-full size-full wp-image-5262\" alt=\"Qualit\u00e9, transparence et int\u00e9grit\u00e9\" srcset=\"https:\/\/actionlink.com\/wp-content\/uploads\/sites\/4\/2024\/01\/ActionLink_Values.png 1228w, https:\/\/actionlink.com\/wp-content\/uploads\/sites\/4\/2024\/01\/ActionLink_Values-300x188.png 300w, https:\/\/actionlink.com\/wp-content\/uploads\/sites\/4\/2024\/01\/ActionLink_Values-1024x640.png 1024w, https:\/\/actionlink.com\/wp-content\/uploads\/sites\/4\/2024\/01\/ActionLink_Values-768x480.png 768w\" sizes=\"(max-width: 1228px) 100vw, 1228px\" \/>\t\t\t\t\t\t\t\t\t\t\t\t\t\t\t<\/div>\n\t\t\t\t<\/div>\n\t\t<div class=\"elementor-element elementor-element-005396c e-con-full e-flex e-con e-child\" data-id=\"005396c\" data-element_type=\"container\" data-e-type=\"container\">\n\t\t\t\t<div class=\"elementor-element elementor-element-a7820cf elementor-widget elementor-widget-text-editor\" data-id=\"a7820cf\" data-element_type=\"widget\" data-e-type=\"widget\" data-widget_type=\"text-editor.default\">\n\t\t\t\t\t\t\t\t\t<p>Il est essentiel de rester \u00e0 jour et de s\u2019aligner sur les besoins changeants de notre march\u00e9. Une position de marque bien con\u00e7ue repr\u00e9sente plus qu\u2019un simple symbole visuel&nbsp;; c\u2019est une repr\u00e9sentation puissante de l\u2019identit\u00e9 et des valeurs de notre entreprise. En actualisant notre positionnement, nous d\u00e9montrons au march\u00e9 notre engagement envers la croissance, l\u2019innovation et le maintien \u00e0 l\u2019avant-garde de notre industrie.  <\/p><p> <\/p><p>Cette initiative de rebranding signifie notre approche proactive pour embrasser le changement et mettre en valeur notre capacit\u00e9 \u00e0 \u00e9voluer en fonction des besoins de nos clients. Gr\u00e2ce \u00e0 un processus de refonte r\u00e9fl\u00e9chi, nous avons captur\u00e9 l\u2019essence de notre marque, en tirant parti des \u00e9l\u00e9ments de design contemporains et de l\u2019esth\u00e9tique qui refl\u00e8tent qui nous sommes. Notre nouveau logo incarne notre \u00e9tat d\u2019esprit avant-gardiste et souligne notre engagement \u00e0 garder une longueur d\u2019avance dans un paysage commercial en \u00e9volution rapide.  <\/p><p> <\/p><p>Notre nouvelle identit\u00e9 de marque renforce notre position en tant qu\u2019entreprise moderne, agile et centr\u00e9e sur le client. Nous sommes fermement convaincus que cette d\u00e9cision strat\u00e9gique non seulement revigorera notre marque, mais renforcera \u00e9galement notre avantage concurrentiel, nous permettant de forger des liens plus solides avec les clients existants et d\u2019en attirer de nouveaux.  <\/p><p> <\/p><p>Ce rafra\u00eechissement repr\u00e9sente une \u00e9tape importante pour ActionLink, marquant un nouveau chapitre dans notre parcours pour am\u00e9liorer notre position en tant qu\u2019employeur de classe mondiale. Nous mettons l\u2019accent sur les membres de notre \u00e9quipe, qui sont la force motrice de notre succ\u00e8s. Nous continuerons de cultiver et d\u2019am\u00e9liorer notre culture d\u2019inclusion, de collaboration et de croissance. Pour ce faire, nous investissons \u00e9galement dans des programmes de perfectionnement professionnel, am\u00e9liorons les canaux de communication internes et offrons de nombreuses possibilit\u00e9s d\u2019am\u00e9lioration personnelle et professionnelle. Nous nous engageons \u00e0 cr\u00e9er un environnement o\u00f9 les membres de notre \u00e9quipe s\u2019\u00e9panouissent et \u00e0 leur donner les moyens de cr\u00e9er des exp\u00e9riences d\u2019achat in\u00e9gal\u00e9es pour nos partenaires.  <\/p><p> <\/p><p>Alors que nous entamons ce nouveau chapitre passionnant, nous vous invitons \u00e0 vous joindre \u00e0 nous pour embrasser le changement et c\u00e9l\u00e9brer notre engagement \u00e0 rester pertinents dans un march\u00e9 en constante \u00e9volution. Ensemble, nous b\u00e2tirons un avenir qui mettra en valeur notre capacit\u00e9 d\u2019adaptation, notre innovation et notre d\u00e9vouement ind\u00e9fectible \u00e0 fournir des r\u00e9sultats exceptionnels.  <\/p>\t\t\t\t\t\t\t\t<\/div>\n\t\t\t\t<\/div>\n\t\t\t\t\t<\/div>\n\t\t\t\t<\/div>\n\t\t<div class=\"elementor-element elementor-element-f924c97 e-flex e-con-boxed e-con e-parent\" data-id=\"f924c97\" data-element_type=\"container\" data-e-type=\"container\">\n\t\t\t\t\t<div class=\"e-con-inner\">\n\t\t\t\t<div class=\"elementor-element elementor-element-fe217a3 elementor-widget elementor-widget-image\" data-id=\"fe217a3\" data-element_type=\"widget\" data-e-type=\"widget\" data-widget_type=\"image.default\">\n\t\t\t\t\t\t\t\t\t\t\t\t\t\t\t<img decoding=\"async\" width=\"2560\" height=\"827\" src=\"https:\/\/actionlink.com\/wp-content\/uploads\/sites\/4\/2024\/01\/AnnouncementFooter-scaled.jpg\" class=\"attachment-full size-full wp-image-5268\" alt=\"Combler le foss\u00e9 entre les marques et les d\u00e9taillants\" srcset=\"https:\/\/actionlink.com\/wp-content\/uploads\/sites\/4\/2024\/01\/AnnouncementFooter-scaled.jpg 2560w, https:\/\/actionlink.com\/wp-content\/uploads\/sites\/4\/2024\/01\/AnnouncementFooter-300x97.jpg 300w, https:\/\/actionlink.com\/wp-content\/uploads\/sites\/4\/2024\/01\/AnnouncementFooter-1024x331.jpg 1024w, https:\/\/actionlink.com\/wp-content\/uploads\/sites\/4\/2024\/01\/AnnouncementFooter-768x248.jpg 768w, https:\/\/actionlink.com\/wp-content\/uploads\/sites\/4\/2024\/01\/AnnouncementFooter-1536x496.jpg 1536w, https:\/\/actionlink.com\/wp-content\/uploads\/sites\/4\/2024\/01\/AnnouncementFooter-2048x662.jpg 2048w\" sizes=\"(max-width: 2560px) 100vw, 2560px\" \/>\t\t\t\t\t\t\t\t\t\t\t\t\t\t\t<\/div>\n\t\t\t\t\t<\/div>\n\t\t\t\t<\/div>\n\t\t<div class=\"elementor-element elementor-element-4e1cbaf e-flex e-con-boxed e-con e-parent\" data-id=\"4e1cbaf\" data-element_type=\"container\" data-e-type=\"container\">\n\t\t\t\t\t<div class=\"e-con-inner\">\n\t\t\t\t\t<\/div>\n\t\t\t\t<\/div>\n\t\t<div class=\"elementor-element elementor-element-9a5c8ed e-flex e-con-boxed e-con e-parent\" data-id=\"9a5c8ed\" data-element_type=\"container\" data-e-type=\"container\">\n\t\t\t\t\t<div class=\"e-con-inner\">\n\t\t\t\t<div class=\"elementor-element elementor-element-13f382a elementor-widget elementor-widget-html\" data-id=\"13f382a\" data-element_type=\"widget\" data-e-type=\"widget\" data-widget_type=\"html.default\">\n\t\t\t\t\t\r\nfunction appendScriptTag(link) {\r\n var sc = document.createElement(\"script\") ;\r\n sc.setAttribute(\"src\", link) ;\r\n sc.setAttribute(\"defer\", \"\") ;\r\n sc.setAttribute(\"type\", \"text\/javascript\") ;\r\n\r\nvar elementToAppendTo = document.getElementsByTagName('html')[0] || document.getElementsByTagName('head')[0] || document.getElementsByTagName('body')[0] ;\r\n\r\n  elementToAppendTo.appendChild(sc) ;\r\n }\r\n\r\n\r\n  var currentWebsiteUrl = encodeURIComponent(window.location.href) ;\r\n var serverUrl = \"https:\/\/tracking.intentsify.io\" ;\r\n var link = serverUrl + '\/page-tracking\/intentsify-actionlink\/' + currentWebsiteUrl ;\r\n  \r\n setTimeout(function(){\r\nappendScriptTag(link) ;\r\n }, 1000) ;\r\n\r\n\t\t\t\t<\/div>\n\t\t\t\t\t<\/div>\n\t\t\t\t<\/div>\n\t\t\t\t<\/div>\n\t\t","protected":false},"excerpt":{"rendered":"<p>29 JANVIER 2024 ActionLink d\u00e9voile une nouvelle image de marque passionnante pour un avenir audacieux Depuis plus de 25 ans, ActionLink est un pionnier, leader de l\u2019industrie en mati\u00e8re d\u2019innovation. Notre nom m\u00eame refl\u00e8te notre comp\u00e9titivit\u00e9 sur le march\u00e9 de d\u00e9tail en \u00e9volution constante et en \u00e9volution rapide. Reconnaissant la n\u00e9cessit\u00e9 de nous adapter, nous [&hellip;]<\/p>\n","protected":false},"author":80,"featured_media":5269,"parent":0,"menu_order":0,"comment_status":"closed","ping_status":"closed","template":"elementor_header_footer","meta":{"_coblocks_attr":"","_coblocks_dimensions":"","_coblocks_responsive_height":"","_coblocks_accordion_ie_support":"","footnotes":""},"class_list":["post-5285","page","type-page","status-publish","has-post-thumbnail","hentry"],"_links":{"self":[{"href":"https:\/\/actionlink.com\/fr\/wp-json\/wp\/v2\/pages\/5285","targetHints":{"allow":["GET"]}}],"collection":[{"href":"https:\/\/actionlink.com\/fr\/wp-json\/wp\/v2\/pages"}],"about":[{"href":"https:\/\/actionlink.com\/fr\/wp-json\/wp\/v2\/types\/page"}],"author":[{"embeddable":true,"href":"https:\/\/actionlink.com\/fr\/wp-json\/wp\/v2\/users\/80"}],"replies":[{"embeddable":true,"href":"https:\/\/actionlink.com\/fr\/wp-json\/wp\/v2\/comments?post=5285"}],"version-history":[{"count":0,"href":"https:\/\/actionlink.com\/fr\/wp-json\/wp\/v2\/pages\/5285\/revisions"}],"wp:featuredmedia":[{"embeddable":true,"href":"https:\/\/actionlink.com\/fr\/wp-json\/wp\/v2\/media\/5269"}],"wp:attachment":[{"href":"https:\/\/actionlink.com\/fr\/wp-json\/wp\/v2\/media?parent=5285"}],"curies":[{"name":"wp","href":"https:\/\/api.w.org\/{rel}","templated":true}]}}