{"id":5278,"date":"2023-12-20T09:22:15","date_gmt":"2023-12-20T09:22:15","guid":{"rendered":"http:\/\/actionlink-prod.integrityxd.dev\/dirigeants\/"},"modified":"2026-02-25T17:54:02","modified_gmt":"2026-02-25T17:54:02","slug":"dirigeants","status":"publish","type":"page","link":"https:\/\/actionlink.com\/fr\/dirigeants\/","title":{"rendered":"Dirigeants"},"content":{"rendered":"\t\t<div data-elementor-type=\"wp-page\" data-elementor-id=\"5278\" class=\"elementor elementor-5278 elementor-995\" data-elementor-post-type=\"page\">\n\t\t\t\t\t\t<section class=\"elementor-section elementor-top-section elementor-element elementor-element-ae06258 cb-col-black-background cb-white-text elementor-section-content-top elementor-section-boxed elementor-section-height-default elementor-section-height-default\" data-id=\"ae06258\" data-element_type=\"section\" data-e-type=\"section\" data-settings=\"{&quot;background_background&quot;:&quot;classic&quot;}\">\n\t\t\t\t\t\t<div class=\"elementor-container elementor-column-gap-no\">\n\t\t\t\t\t<div class=\"elementor-column elementor-col-33 elementor-top-column elementor-element elementor-element-274ef7c\" data-id=\"274ef7c\" data-element_type=\"column\" data-e-type=\"column\" data-settings=\"{&quot;background_background&quot;:&quot;classic&quot;}\">\n\t\t\t<div class=\"elementor-widget-wrap elementor-element-populated\">\n\t\t\t\t\t\t<div class=\"elementor-element elementor-element-623b69d elementor-widget elementor-widget-image\" data-id=\"623b69d\" data-element_type=\"widget\" data-e-type=\"widget\" id=\"team1\" data-widget_type=\"image.default\">\n\t\t\t\t\t\t\t\t\t\t\t\t\t\t\t<img fetchpriority=\"high\" decoding=\"async\" width=\"1024\" height=\"1024\" src=\"https:\/\/actionlink.com\/wp-content\/uploads\/sites\/4\/2026\/02\/Todd-1536x1536-1-1024x1024.png\" class=\"attachment-large size-large wp-image-10664\" alt=\"\" srcset=\"https:\/\/actionlink.com\/wp-content\/uploads\/sites\/4\/2026\/02\/Todd-1536x1536-1-1024x1024.png 1024w, https:\/\/actionlink.com\/wp-content\/uploads\/sites\/4\/2026\/02\/Todd-1536x1536-1-300x300.png 300w, https:\/\/actionlink.com\/wp-content\/uploads\/sites\/4\/2026\/02\/Todd-1536x1536-1-150x150.png 150w, https:\/\/actionlink.com\/wp-content\/uploads\/sites\/4\/2026\/02\/Todd-1536x1536-1-768x768.png 768w, https:\/\/actionlink.com\/wp-content\/uploads\/sites\/4\/2026\/02\/Todd-1536x1536-1.png 1536w\" sizes=\"(max-width: 1024px) 100vw, 1024px\" \/>\t\t\t\t\t\t\t\t\t\t\t\t\t\t\t<\/div>\n\t\t\t\t<section class=\"elementor-section elementor-inner-section elementor-element elementor-element-1c86acb elementor-section-boxed elementor-section-height-default elementor-section-height-default\" data-id=\"1c86acb\" data-element_type=\"section\" data-e-type=\"section\">\n\t\t\t\t\t\t<div class=\"elementor-container elementor-column-gap-default\">\n\t\t\t\t\t<div class=\"elementor-column elementor-col-100 elementor-inner-column elementor-element elementor-element-cce8ec8\" data-id=\"cce8ec8\" data-element_type=\"column\" data-e-type=\"column\">\n\t\t\t<div class=\"elementor-widget-wrap elementor-element-populated\">\n\t\t\t\t\t\t<div class=\"elementor-element elementor-element-2e9fb2f elementor-widget elementor-widget-heading\" data-id=\"2e9fb2f\" data-element_type=\"widget\" data-e-type=\"widget\" data-widget_type=\"heading.default\">\n\t\t\t\t\t<div class=\"elementor-heading-title elementor-size-default\">Pr\u00e9sident<\/div>\t\t\t\t<\/div>\n\t\t\t\t<div class=\"elementor-element elementor-element-3a1e71b elementor-widget elementor-widget-heading\" data-id=\"3a1e71b\" data-element_type=\"widget\" data-e-type=\"widget\" data-widget_type=\"heading.default\">\n\t\t\t\t\t<h2 class=\"elementor-heading-title elementor-size-default\">Todd<br>London<\/h2>\t\t\t\t<\/div>\n\t\t\t\t\t<\/div>\n\t\t<\/div>\n\t\t\t\t\t<\/div>\n\t\t<\/section>\n\t\t\t\t<section class=\"elementor-section elementor-inner-section elementor-element elementor-element-78df04d elementor-section-boxed elementor-section-height-default elementor-section-height-default\" data-id=\"78df04d\" data-element_type=\"section\" data-e-type=\"section\">\n\t\t\t\t\t\t<div class=\"elementor-container elementor-column-gap-default\">\n\t\t\t\t\t<div class=\"elementor-column elementor-col-100 elementor-inner-column elementor-element elementor-element-4f40e21\" data-id=\"4f40e21\" data-element_type=\"column\" data-e-type=\"column\">\n\t\t\t<div class=\"elementor-widget-wrap elementor-element-populated\">\n\t\t\t\t\t\t<div class=\"elementor-element elementor-element-859d1d6 elementor-widget__width-initial elementor-view-default elementor-widget elementor-widget-icon\" data-id=\"859d1d6\" data-element_type=\"widget\" data-e-type=\"widget\" data-widget_type=\"icon.default\">\n\t\t\t\t\t\t\t<div class=\"elementor-icon-wrapper\">\n\t\t\t<a class=\"elementor-icon\" href=\"https:\/\/www.linkedin.com\/in\/toddlondoninnovation\/\" target=\"_blank\" rel=\"noopener\">\n\t\t\t<i aria-hidden=\"true\" class=\"fab fa-linkedin-in\"><\/i>\t\t\t<\/a>\n\t\t<\/div>\n\t\t\t\t\t\t<\/div>\n\t\t\t\t\t<\/div>\n\t\t<\/div>\n\t\t\t\t\t<\/div>\n\t\t<\/section>\n\t\t\t\t\t<\/div>\n\t\t<\/div>\n\t\t\t\t<div class=\"elementor-column elementor-col-33 elementor-top-column elementor-element elementor-element-edfe76d\" data-id=\"edfe76d\" data-element_type=\"column\" data-e-type=\"column\" data-settings=\"{&quot;background_background&quot;:&quot;classic&quot;}\">\n\t\t\t<div class=\"elementor-widget-wrap elementor-element-populated\">\n\t\t\t\t\t\t<div class=\"elementor-element elementor-element-cf470b2 elementor-widget elementor-widget-image\" data-id=\"cf470b2\" data-element_type=\"widget\" data-e-type=\"widget\" data-widget_type=\"image.default\">\n\t\t\t\t\t\t\t\t\t\t\t\t\t\t\t<img decoding=\"async\" width=\"1024\" height=\"1024\" src=\"https:\/\/actionlink.com\/wp-content\/uploads\/sites\/4\/2024\/01\/Tara-1024x1024.png\" class=\"attachment-large size-large wp-image-5213\" alt=\"\" srcset=\"https:\/\/actionlink.com\/wp-content\/uploads\/sites\/4\/2024\/01\/Tara-1024x1024.png 1024w, https:\/\/actionlink.com\/wp-content\/uploads\/sites\/4\/2024\/01\/Tara-300x300.png 300w, https:\/\/actionlink.com\/wp-content\/uploads\/sites\/4\/2024\/01\/Tara-150x150.png 150w, https:\/\/actionlink.com\/wp-content\/uploads\/sites\/4\/2024\/01\/Tara-768x768.png 768w, https:\/\/actionlink.com\/wp-content\/uploads\/sites\/4\/2024\/01\/Tara-1536x1536.png 1536w, https:\/\/actionlink.com\/wp-content\/uploads\/sites\/4\/2024\/01\/Tara-2048x2048.png 2048w\" sizes=\"(max-width: 1024px) 100vw, 1024px\" \/>\t\t\t\t\t\t\t\t\t\t\t\t\t\t\t<\/div>\n\t\t\t\t<section class=\"elementor-section elementor-inner-section elementor-element elementor-element-5e2f0cf elementor-section-boxed elementor-section-height-default elementor-section-height-default\" data-id=\"5e2f0cf\" data-element_type=\"section\" data-e-type=\"section\">\n\t\t\t\t\t\t<div class=\"elementor-container elementor-column-gap-default\">\n\t\t\t\t\t<div class=\"elementor-column elementor-col-100 elementor-inner-column elementor-element elementor-element-cc3a7ab\" data-id=\"cc3a7ab\" data-element_type=\"column\" data-e-type=\"column\">\n\t\t\t<div class=\"elementor-widget-wrap elementor-element-populated\">\n\t\t\t\t\t\t<div class=\"elementor-element elementor-element-12fb7b0 elementor-widget elementor-widget-heading\" data-id=\"12fb7b0\" data-element_type=\"widget\" data-e-type=\"widget\" data-widget_type=\"heading.default\">\n\t\t\t\t\t<div class=\"elementor-heading-title elementor-size-default\">Op\u00e9rations commerciales<\/div>\t\t\t\t<\/div>\n\t\t\t\t<div class=\"elementor-element elementor-element-31a287d elementor-widget elementor-widget-heading\" data-id=\"31a287d\" data-element_type=\"widget\" data-e-type=\"widget\" data-widget_type=\"heading.default\">\n\t\t\t\t\t<h2 class=\"elementor-heading-title elementor-size-default\">Tara<br>Scherler<\/h2>\t\t\t\t<\/div>\n\t\t\t\t\t<\/div>\n\t\t<\/div>\n\t\t\t\t\t<\/div>\n\t\t<\/section>\n\t\t\t\t<section class=\"elementor-section elementor-inner-section elementor-element elementor-element-ace64f1 elementor-section-boxed elementor-section-height-default elementor-section-height-default\" data-id=\"ace64f1\" data-element_type=\"section\" data-e-type=\"section\">\n\t\t\t\t\t\t<div class=\"elementor-container elementor-column-gap-default\">\n\t\t\t\t\t<div class=\"elementor-column elementor-col-100 elementor-inner-column elementor-element elementor-element-e03016f\" data-id=\"e03016f\" data-element_type=\"column\" data-e-type=\"column\">\n\t\t\t<div class=\"elementor-widget-wrap elementor-element-populated\">\n\t\t\t\t\t\t<div class=\"elementor-element elementor-element-45f5e21 elementor-widget__width-initial elementor-view-default elementor-widget elementor-widget-icon\" data-id=\"45f5e21\" data-element_type=\"widget\" data-e-type=\"widget\" data-widget_type=\"icon.default\">\n\t\t\t\t\t\t\t<div class=\"elementor-icon-wrapper\">\n\t\t\t<a class=\"elementor-icon\" href=\"https:\/\/www.linkedin.com\/in\/tarascherler\/\" target=\"_blank\" rel=\"noopener\">\n\t\t\t<i aria-hidden=\"true\" class=\"fab fa-linkedin-in\"><\/i>\t\t\t<\/a>\n\t\t<\/div>\n\t\t\t\t\t\t<\/div>\n\t\t\t\t\t<\/div>\n\t\t<\/div>\n\t\t\t\t\t<\/div>\n\t\t<\/section>\n\t\t\t\t\t<\/div>\n\t\t<\/div>\n\t\t\t\t<div class=\"elementor-column elementor-col-33 elementor-top-column elementor-element elementor-element-8fe98ed\" data-id=\"8fe98ed\" data-element_type=\"column\" data-e-type=\"column\" data-settings=\"{&quot;background_background&quot;:&quot;classic&quot;}\">\n\t\t\t<div class=\"elementor-widget-wrap elementor-element-populated\">\n\t\t\t\t\t\t<div class=\"elementor-element elementor-element-809c039 elementor-widget elementor-widget-image\" data-id=\"809c039\" data-element_type=\"widget\" data-e-type=\"widget\" data-widget_type=\"image.default\">\n\t\t\t\t\t\t\t\t\t\t\t\t\t\t\t<img decoding=\"async\" width=\"1024\" height=\"1024\" src=\"https:\/\/actionlink.com\/wp-content\/uploads\/sites\/4\/2024\/01\/Marci-1024x1024.png\" class=\"attachment-large size-large wp-image-5214\" alt=\"\" srcset=\"https:\/\/actionlink.com\/wp-content\/uploads\/sites\/4\/2024\/01\/Marci-1024x1024.png 1024w, https:\/\/actionlink.com\/wp-content\/uploads\/sites\/4\/2024\/01\/Marci-300x300.png 300w, https:\/\/actionlink.com\/wp-content\/uploads\/sites\/4\/2024\/01\/Marci-150x150.png 150w, https:\/\/actionlink.com\/wp-content\/uploads\/sites\/4\/2024\/01\/Marci-768x768.png 768w, https:\/\/actionlink.com\/wp-content\/uploads\/sites\/4\/2024\/01\/Marci-1536x1536.png 1536w, https:\/\/actionlink.com\/wp-content\/uploads\/sites\/4\/2024\/01\/Marci-2048x2048.png 2048w\" sizes=\"(max-width: 1024px) 100vw, 1024px\" \/>\t\t\t\t\t\t\t\t\t\t\t\t\t\t\t<\/div>\n\t\t\t\t<section class=\"elementor-section elementor-inner-section elementor-element elementor-element-0af400c elementor-section-boxed elementor-section-height-default elementor-section-height-default\" data-id=\"0af400c\" data-element_type=\"section\" data-e-type=\"section\">\n\t\t\t\t\t\t<div class=\"elementor-container elementor-column-gap-default\">\n\t\t\t\t\t<div class=\"elementor-column elementor-col-100 elementor-inner-column elementor-element elementor-element-4d4f478\" data-id=\"4d4f478\" data-element_type=\"column\" data-e-type=\"column\">\n\t\t\t<div class=\"elementor-widget-wrap elementor-element-populated\">\n\t\t\t\t\t\t<div class=\"elementor-element elementor-element-9a4f87b elementor-widget elementor-widget-heading\" data-id=\"9a4f87b\" data-element_type=\"widget\" data-e-type=\"widget\" data-widget_type=\"heading.default\">\n\t\t\t\t\t<div class=\"elementor-heading-title elementor-size-default\">Op\u00e9rations commerciales<\/div>\t\t\t\t<\/div>\n\t\t\t\t<div class=\"elementor-element elementor-element-60039d6 elementor-widget elementor-widget-heading\" data-id=\"60039d6\" data-element_type=\"widget\" data-e-type=\"widget\" data-widget_type=\"heading.default\">\n\t\t\t\t\t<h2 class=\"elementor-heading-title elementor-size-default\">Marci<br>Kearney<\/h2>\t\t\t\t<\/div>\n\t\t\t\t\t<\/div>\n\t\t<\/div>\n\t\t\t\t\t<\/div>\n\t\t<\/section>\n\t\t\t\t<section class=\"elementor-section elementor-inner-section elementor-element elementor-element-4777fb7 elementor-section-boxed elementor-section-height-default elementor-section-height-default\" data-id=\"4777fb7\" data-element_type=\"section\" data-e-type=\"section\">\n\t\t\t\t\t\t<div class=\"elementor-container elementor-column-gap-default\">\n\t\t\t\t\t<div class=\"elementor-column elementor-col-100 elementor-inner-column elementor-element elementor-element-8bb08f5\" data-id=\"8bb08f5\" data-element_type=\"column\" data-e-type=\"column\">\n\t\t\t<div class=\"elementor-widget-wrap elementor-element-populated\">\n\t\t\t\t\t\t<div class=\"elementor-element elementor-element-60b3bd5 elementor-widget__width-initial elementor-view-default elementor-widget elementor-widget-icon\" data-id=\"60b3bd5\" data-element_type=\"widget\" data-e-type=\"widget\" data-widget_type=\"icon.default\">\n\t\t\t\t\t\t\t<div class=\"elementor-icon-wrapper\">\n\t\t\t<a class=\"elementor-icon\" href=\"https:\/\/www.linkedin.com\/in\/marcikearney\/\" target=\"_blank\" rel=\"noopener\">\n\t\t\t<i aria-hidden=\"true\" class=\"fab fa-linkedin-in\"><\/i>\t\t\t<\/a>\n\t\t<\/div>\n\t\t\t\t\t\t<\/div>\n\t\t\t\t\t<\/div>\n\t\t<\/div>\n\t\t\t\t\t<\/div>\n\t\t<\/section>\n\t\t\t\t\t<\/div>\n\t\t<\/div>\n\t\t\t\t\t<\/div>\n\t\t<\/section>\n\t\t\t\t<section class=\"elementor-section elementor-top-section elementor-element elementor-element-fa477c9 cb-col-black-background cb-white-text elementor-section-boxed elementor-section-height-default elementor-section-height-default\" data-id=\"fa477c9\" data-element_type=\"section\" data-e-type=\"section\" data-settings=\"{&quot;background_background&quot;:&quot;classic&quot;}\">\n\t\t\t\t\t\t<div class=\"elementor-container elementor-column-gap-default\">\n\t\t\t\t\t<div class=\"elementor-column elementor-col-33 elementor-top-column elementor-element elementor-element-a66073e\" data-id=\"a66073e\" data-element_type=\"column\" data-e-type=\"column\" data-settings=\"{&quot;background_background&quot;:&quot;classic&quot;}\">\n\t\t\t<div class=\"elementor-widget-wrap elementor-element-populated\">\n\t\t\t\t\t\t<div class=\"elementor-element elementor-element-7afb438 elementor-widget elementor-widget-image\" data-id=\"7afb438\" data-element_type=\"widget\" data-e-type=\"widget\" id=\"team2\" data-widget_type=\"image.default\">\n\t\t\t\t\t\t\t\t\t\t\t\t\t\t\t<img loading=\"lazy\" decoding=\"async\" width=\"1024\" height=\"1024\" src=\"https:\/\/actionlink.com\/wp-content\/uploads\/sites\/4\/2024\/01\/Craig-1-1024x1024.png\" class=\"attachment-large size-large wp-image-5216\" alt=\"\" srcset=\"https:\/\/actionlink.com\/wp-content\/uploads\/sites\/4\/2024\/01\/Craig-1-1024x1024.png 1024w, https:\/\/actionlink.com\/wp-content\/uploads\/sites\/4\/2024\/01\/Craig-1-300x300.png 300w, https:\/\/actionlink.com\/wp-content\/uploads\/sites\/4\/2024\/01\/Craig-1-150x150.png 150w, https:\/\/actionlink.com\/wp-content\/uploads\/sites\/4\/2024\/01\/Craig-1-768x768.png 768w, https:\/\/actionlink.com\/wp-content\/uploads\/sites\/4\/2024\/01\/Craig-1-1536x1536.png 1536w, https:\/\/actionlink.com\/wp-content\/uploads\/sites\/4\/2024\/01\/Craig-1-2048x2048.png 2048w\" sizes=\"(max-width: 1024px) 100vw, 1024px\" \/>\t\t\t\t\t\t\t\t\t\t\t\t\t\t\t<\/div>\n\t\t\t\t<section class=\"elementor-section elementor-inner-section elementor-element elementor-element-2caf67e elementor-section-boxed elementor-section-height-default elementor-section-height-default\" data-id=\"2caf67e\" data-element_type=\"section\" data-e-type=\"section\">\n\t\t\t\t\t\t<div class=\"elementor-container elementor-column-gap-default\">\n\t\t\t\t\t<div class=\"elementor-column elementor-col-100 elementor-inner-column elementor-element elementor-element-4b1e483\" data-id=\"4b1e483\" data-element_type=\"column\" data-e-type=\"column\">\n\t\t\t<div class=\"elementor-widget-wrap elementor-element-populated\">\n\t\t\t\t\t\t<div class=\"elementor-element elementor-element-a8f1ef9 elementor-widget elementor-widget-heading\" data-id=\"a8f1ef9\" data-element_type=\"widget\" data-e-type=\"widget\" data-widget_type=\"heading.default\">\n\t\t\t\t\t<div class=\"elementor-heading-title elementor-size-default\">Strat\u00e9gie et croissance<\/div>\t\t\t\t<\/div>\n\t\t\t\t<div class=\"elementor-element elementor-element-640d810 elementor-widget elementor-widget-heading\" data-id=\"640d810\" data-element_type=\"widget\" data-e-type=\"widget\" data-widget_type=\"heading.default\">\n\t\t\t\t\t<h2 class=\"elementor-heading-title elementor-size-default\">Craig<br>Jarman<\/h2>\t\t\t\t<\/div>\n\t\t\t\t\t<\/div>\n\t\t<\/div>\n\t\t\t\t\t<\/div>\n\t\t<\/section>\n\t\t\t\t<section class=\"elementor-section elementor-inner-section elementor-element elementor-element-137221b elementor-section-boxed elementor-section-height-default elementor-section-height-default\" data-id=\"137221b\" data-element_type=\"section\" data-e-type=\"section\">\n\t\t\t\t\t\t<div class=\"elementor-container elementor-column-gap-default\">\n\t\t\t\t\t<div class=\"elementor-column elementor-col-100 elementor-inner-column elementor-element elementor-element-8ff8e3f\" data-id=\"8ff8e3f\" data-element_type=\"column\" data-e-type=\"column\">\n\t\t\t<div class=\"elementor-widget-wrap elementor-element-populated\">\n\t\t\t\t\t\t<div class=\"elementor-element elementor-element-7b524bc elementor-widget__width-initial elementor-view-default elementor-widget elementor-widget-icon\" data-id=\"7b524bc\" data-element_type=\"widget\" data-e-type=\"widget\" data-widget_type=\"icon.default\">\n\t\t\t\t\t\t\t<div class=\"elementor-icon-wrapper\">\n\t\t\t<a class=\"elementor-icon\" href=\"https:\/\/www.linkedin.com\/in\/craigjarman\/\" target=\"_blank\" rel=\"noopener\">\n\t\t\t<i aria-hidden=\"true\" class=\"fab fa-linkedin-in\"><\/i>\t\t\t<\/a>\n\t\t<\/div>\n\t\t\t\t\t\t<\/div>\n\t\t\t\t\t<\/div>\n\t\t<\/div>\n\t\t\t\t\t<\/div>\n\t\t<\/section>\n\t\t\t\t\t<\/div>\n\t\t<\/div>\n\t\t\t\t<div class=\"elementor-column elementor-col-33 elementor-top-column elementor-element elementor-element-d0c756a\" data-id=\"d0c756a\" data-element_type=\"column\" data-e-type=\"column\" data-settings=\"{&quot;background_background&quot;:&quot;classic&quot;}\">\n\t\t\t<div class=\"elementor-widget-wrap elementor-element-populated\">\n\t\t\t\t\t\t<div class=\"elementor-element elementor-element-2ad60c0 elementor-widget elementor-widget-image\" data-id=\"2ad60c0\" data-element_type=\"widget\" data-e-type=\"widget\" data-widget_type=\"image.default\">\n\t\t\t\t\t\t\t\t\t\t\t\t\t\t\t<img loading=\"lazy\" decoding=\"async\" width=\"1024\" height=\"1024\" src=\"https:\/\/actionlink.com\/wp-content\/uploads\/sites\/4\/2024\/01\/Andy-1024x1024.png\" class=\"attachment-large size-large wp-image-5215\" alt=\"\" srcset=\"https:\/\/actionlink.com\/wp-content\/uploads\/sites\/4\/2024\/01\/Andy-1024x1024.png 1024w, https:\/\/actionlink.com\/wp-content\/uploads\/sites\/4\/2024\/01\/Andy-300x300.png 300w, https:\/\/actionlink.com\/wp-content\/uploads\/sites\/4\/2024\/01\/Andy-150x150.png 150w, https:\/\/actionlink.com\/wp-content\/uploads\/sites\/4\/2024\/01\/Andy-768x768.png 768w, https:\/\/actionlink.com\/wp-content\/uploads\/sites\/4\/2024\/01\/Andy-1536x1536.png 1536w, https:\/\/actionlink.com\/wp-content\/uploads\/sites\/4\/2024\/01\/Andy-2048x2048.png 2048w\" sizes=\"(max-width: 1024px) 100vw, 1024px\" \/>\t\t\t\t\t\t\t\t\t\t\t\t\t\t\t<\/div>\n\t\t\t\t<section class=\"elementor-section elementor-inner-section elementor-element elementor-element-fdedae0 elementor-section-boxed elementor-section-height-default elementor-section-height-default\" data-id=\"fdedae0\" data-element_type=\"section\" data-e-type=\"section\">\n\t\t\t\t\t\t<div class=\"elementor-container elementor-column-gap-default\">\n\t\t\t\t\t<div class=\"elementor-column elementor-col-100 elementor-inner-column elementor-element elementor-element-2bc8adf\" data-id=\"2bc8adf\" data-element_type=\"column\" data-e-type=\"column\">\n\t\t\t<div class=\"elementor-widget-wrap elementor-element-populated\">\n\t\t\t\t\t\t<div class=\"elementor-element elementor-element-4bd96b3 elementor-widget elementor-widget-heading\" data-id=\"4bd96b3\" data-element_type=\"widget\" data-e-type=\"widget\" data-widget_type=\"heading.default\">\n\t\t\t\t\t<div class=\"elementor-heading-title elementor-size-default\">Op\u00e9rations de vente<\/div>\t\t\t\t<\/div>\n\t\t\t\t<div class=\"elementor-element elementor-element-7d1e4a3 elementor-widget elementor-widget-heading\" data-id=\"7d1e4a3\" data-element_type=\"widget\" data-e-type=\"widget\" data-widget_type=\"heading.default\">\n\t\t\t\t\t<h2 class=\"elementor-heading-title elementor-size-default\">Andy <br>Chow<\/h2>\t\t\t\t<\/div>\n\t\t\t\t\t<\/div>\n\t\t<\/div>\n\t\t\t\t\t<\/div>\n\t\t<\/section>\n\t\t\t\t<section class=\"elementor-section elementor-inner-section elementor-element elementor-element-9794d34 elementor-section-boxed elementor-section-height-default elementor-section-height-default\" data-id=\"9794d34\" data-element_type=\"section\" data-e-type=\"section\">\n\t\t\t\t\t\t<div class=\"elementor-container elementor-column-gap-default\">\n\t\t\t\t\t<div class=\"elementor-column elementor-col-100 elementor-inner-column elementor-element elementor-element-390c65a\" data-id=\"390c65a\" data-element_type=\"column\" data-e-type=\"column\">\n\t\t\t<div class=\"elementor-widget-wrap elementor-element-populated\">\n\t\t\t\t\t\t<div class=\"elementor-element elementor-element-945ba47 elementor-widget__width-initial elementor-view-default elementor-widget elementor-widget-icon\" data-id=\"945ba47\" data-element_type=\"widget\" data-e-type=\"widget\" data-widget_type=\"icon.default\">\n\t\t\t\t\t\t\t<div class=\"elementor-icon-wrapper\">\n\t\t\t<a class=\"elementor-icon\" href=\"https:\/\/www.linkedin.com\/in\/andy-chow-80147b\/\" target=\"_blank\" rel=\"noopener\">\n\t\t\t<i aria-hidden=\"true\" class=\"fab fa-linkedin-in\"><\/i>\t\t\t<\/a>\n\t\t<\/div>\n\t\t\t\t\t\t<\/div>\n\t\t\t\t\t<\/div>\n\t\t<\/div>\n\t\t\t\t\t<\/div>\n\t\t<\/section>\n\t\t\t\t\t<\/div>\n\t\t<\/div>\n\t\t\t\t<div class=\"elementor-column elementor-col-33 elementor-top-column elementor-element elementor-element-2c05417\" data-id=\"2c05417\" data-element_type=\"column\" data-e-type=\"column\" data-settings=\"{&quot;background_background&quot;:&quot;classic&quot;}\">\n\t\t\t<div class=\"elementor-widget-wrap elementor-element-populated\">\n\t\t\t\t\t\t<div class=\"elementor-element elementor-element-d69812f elementor-widget elementor-widget-image\" data-id=\"d69812f\" data-element_type=\"widget\" data-e-type=\"widget\" id=\"team3\" data-widget_type=\"image.default\">\n\t\t\t\t\t\t\t\t\t\t\t\t\t\t\t<img loading=\"lazy\" decoding=\"async\" width=\"1024\" height=\"1024\" src=\"https:\/\/actionlink.com\/wp-content\/uploads\/sites\/4\/2024\/01\/Mike-3-1024x1024.png\" class=\"attachment-large size-large wp-image-5217\" alt=\"\" srcset=\"https:\/\/actionlink.com\/wp-content\/uploads\/sites\/4\/2024\/01\/Mike-3-1024x1024.png 1024w, https:\/\/actionlink.com\/wp-content\/uploads\/sites\/4\/2024\/01\/Mike-3-300x300.png 300w, https:\/\/actionlink.com\/wp-content\/uploads\/sites\/4\/2024\/01\/Mike-3-150x150.png 150w, https:\/\/actionlink.com\/wp-content\/uploads\/sites\/4\/2024\/01\/Mike-3-768x768.png 768w, https:\/\/actionlink.com\/wp-content\/uploads\/sites\/4\/2024\/01\/Mike-3-1536x1536.png 1536w, https:\/\/actionlink.com\/wp-content\/uploads\/sites\/4\/2024\/01\/Mike-3-2048x2048.png 2048w\" sizes=\"(max-width: 1024px) 100vw, 1024px\" \/>\t\t\t\t\t\t\t\t\t\t\t\t\t\t\t<\/div>\n\t\t\t\t<section class=\"elementor-section elementor-inner-section elementor-element elementor-element-36ca439 elementor-section-boxed elementor-section-height-default elementor-section-height-default\" data-id=\"36ca439\" data-element_type=\"section\" data-e-type=\"section\">\n\t\t\t\t\t\t<div class=\"elementor-container elementor-column-gap-default\">\n\t\t\t\t\t<div class=\"elementor-column elementor-col-100 elementor-inner-column elementor-element elementor-element-16d723e\" data-id=\"16d723e\" data-element_type=\"column\" data-e-type=\"column\">\n\t\t\t<div class=\"elementor-widget-wrap elementor-element-populated\">\n\t\t\t\t\t\t<div class=\"elementor-element elementor-element-149be46 elementor-widget elementor-widget-heading\" data-id=\"149be46\" data-element_type=\"widget\" data-e-type=\"widget\" data-widget_type=\"heading.default\">\n\t\t\t\t\t<div class=\"elementor-heading-title elementor-size-default\">Infrastructure et op\u00e9rations informatiques<\/div>\t\t\t\t<\/div>\n\t\t\t\t<div class=\"elementor-element elementor-element-a334c54 elementor-widget elementor-widget-heading\" data-id=\"a334c54\" data-element_type=\"widget\" data-e-type=\"widget\" data-widget_type=\"heading.default\">\n\t\t\t\t\t<h2 class=\"elementor-heading-title elementor-size-default\">Mike<br>Skinner<\/h2>\t\t\t\t<\/div>\n\t\t\t\t\t<\/div>\n\t\t<\/div>\n\t\t\t\t\t<\/div>\n\t\t<\/section>\n\t\t\t\t<section class=\"elementor-section elementor-inner-section elementor-element elementor-element-e16300a elementor-section-boxed elementor-section-height-default elementor-section-height-default\" data-id=\"e16300a\" data-element_type=\"section\" data-e-type=\"section\">\n\t\t\t\t\t\t<div class=\"elementor-container elementor-column-gap-default\">\n\t\t\t\t\t<div class=\"elementor-column elementor-col-100 elementor-inner-column elementor-element elementor-element-60f5424\" data-id=\"60f5424\" data-element_type=\"column\" data-e-type=\"column\">\n\t\t\t<div class=\"elementor-widget-wrap elementor-element-populated\">\n\t\t\t\t\t\t<div class=\"elementor-element elementor-element-a445784 elementor-widget__width-initial elementor-view-default elementor-widget elementor-widget-icon\" data-id=\"a445784\" data-element_type=\"widget\" data-e-type=\"widget\" data-widget_type=\"icon.default\">\n\t\t\t\t\t\t\t<div class=\"elementor-icon-wrapper\">\n\t\t\t<a class=\"elementor-icon\" href=\"https:\/\/www.linkedin.com\/in\/imikeskinner\/\" target=\"_blank\" rel=\"noopener\">\n\t\t\t<i aria-hidden=\"true\" class=\"fab fa-linkedin-in\"><\/i>\t\t\t<\/a>\n\t\t<\/div>\n\t\t\t\t\t\t<\/div>\n\t\t\t\t\t<\/div>\n\t\t<\/div>\n\t\t\t\t\t<\/div>\n\t\t<\/section>\n\t\t\t\t\t<\/div>\n\t\t<\/div>\n\t\t\t\t\t<\/div>\n\t\t<\/section>\n\t\t\t\t<\/div>\n\t\t","protected":false},"excerpt":{"rendered":"<p>Pr\u00e9sident ToddLondon Op\u00e9rations commerciales TaraScherler Op\u00e9rations commerciales MarciKearney Strat\u00e9gie et croissance CraigJarman Op\u00e9rations de vente Andy Chow Infrastructure et op\u00e9rations informatiques MikeSkinner<\/p>\n","protected":false},"author":80,"featured_media":0,"parent":0,"menu_order":0,"comment_status":"closed","ping_status":"closed","template":"elementor_header_footer","meta":{"_coblocks_attr":"","_coblocks_dimensions":"","_coblocks_responsive_height":"","_coblocks_accordion_ie_support":"","footnotes":""},"class_list":["post-5278","page","type-page","status-publish","hentry"],"_links":{"self":[{"href":"https:\/\/actionlink.com\/fr\/wp-json\/wp\/v2\/pages\/5278","targetHints":{"allow":["GET"]}}],"collection":[{"href":"https:\/\/actionlink.com\/fr\/wp-json\/wp\/v2\/pages"}],"about":[{"href":"https:\/\/actionlink.com\/fr\/wp-json\/wp\/v2\/types\/page"}],"author":[{"embeddable":true,"href":"https:\/\/actionlink.com\/fr\/wp-json\/wp\/v2\/users\/80"}],"replies":[{"embeddable":true,"href":"https:\/\/actionlink.com\/fr\/wp-json\/wp\/v2\/comments?post=5278"}],"version-history":[{"count":0,"href":"https:\/\/actionlink.com\/fr\/wp-json\/wp\/v2\/pages\/5278\/revisions"}],"wp:attachment":[{"href":"https:\/\/actionlink.com\/fr\/wp-json\/wp\/v2\/media?parent=5278"}],"curies":[{"name":"wp","href":"https:\/\/api.w.org\/{rel}","templated":true}]}}